{"id":194,"date":"2021-10-07T09:43:07","date_gmt":"2021-10-07T09:43:07","guid":{"rendered":"https:\/\/www.fiscalcrypto.io\/?page_id=194"},"modified":"2021-10-07T10:03:05","modified_gmt":"2021-10-07T10:03:05","slug":"proteccio-de-dades","status":"publish","type":"page","link":"https:\/\/www.fiscalcrypto.io\/es\/proteccio-de-dades\/","title":{"rendered":"Protecci\u00f3n de datos"},"content":{"rendered":"<p><strong>Pol\u00edtica de confidencialitat i protecci\u00f3 de dades de car\u00e0cter personal facilitades pels usuaris a la Web d&#8217;\u00c0GORA, SA D&#8217;ASSESSORAMENT I SERVEIS:<\/strong><\/p>\n\n\n\n<p>D&#8217;acord amb el Reglament Europeu de Protecci\u00f3 de Dades UE 2016\/679, del Parlament Europeu i del Consell, de 27 d\u2019abril de 2016, relatiu a la protecci\u00f3 de les persones f\u00edsiques pel que respecte al tractament de dades personals i lliure circulaci\u00f3 de dades, aix\u00ed com la Llei 3\/2018, de 5 de desembre, de Protecci\u00f3 de dades personals i garantia dels drets digitals, s&#8217;informa als usuaris dels punts seg\u00fcents:<\/p>\n\n\n\n<p>Per a l&#8217;acc\u00e9s, la subscripci\u00f3 o l&#8217;alta a algun dels serveis que ofereix \u00c0GORA, SA D&#8217;ASSESSORAMENT I SERVEIS, pot ser necessari que l&#8217;usuari faciliti dades de car\u00e0cter personal. En aquest cas, el subministrament de les dades ser\u00e0 sempre voluntari i amb el consentiment expr\u00e9s de l&#8217;usuari.<\/p>\n\n\n\n<p>Amb aquest objectiu, sempre que sigui necessari facilitar dades de car\u00e0cter personal, i amb car\u00e0cter previ a l&#8217;acc\u00e9s al formulari corresponent, apareixer\u00e0 aquest document informatiu, que l&#8217;usuari haur\u00e0 d&#8217;acceptar expressament triant l&#8217;opci\u00f3 &#8220;HE LLEGIT LA POL\u00cdTICA DE CONFIDENCIALITAT D&#8217;\u00c0GORA, SA D&#8217;ASSESSORAMENT I SERVEIS I L&#8217;ACCEPTO EXPRESSAMENT&#8221;<\/p>\n\n\n\n<p>Les dades de car\u00e0cter personal facilitades pels usuaris seran registrades en el corresponent Registre d\u2019activitats, i seran tractades d\u2019acord amb l\u2019establert a la normativa vigent.<\/p>\n\n\n\n<p>La finalitat de la recollida de les dades de car\u00e0cter personal \u00e9s:<\/p>\n\n\n\n<ul class=\"wp-block-list\"><li>La millora de la gesti\u00f3 i administraci\u00f3 dels serveis oferts, per adequar-los a les prefer\u00e8ncies reals dels usuaris<\/li><li>L&#8217;oferiment de nous serveis<\/li><li>Gesti\u00f3 de processos de selecci\u00f3 (curr\u00edculums vitae, gesti\u00f3 de refer\u00e8ncies laborals&#8230;)<\/li><\/ul>\n\n\n\n<p>Les dades contingudes en el fitxer seran utilitzades, \u00fanica i exclusivament, per \u00c0GORA, SA D&#8217;ASSESSORAMENT I SERVEIS, sense que estigui prevista la seva cessi\u00f3.<\/p>\n\n\n\n<p>Les dades facilitades per els interessats seran tractades i utilitzades, \u00fanica i exclusivament, per \u00c0GORA,SA D\u2019ASSESSORAMENT I SERVEIS i el seu grup d&#8217;empreses, estant absolutament prohibides qualsevol cessi\u00f3 de les mateixes, a no ser que s\u2019obtingu\u00e9s autoritzaci\u00f3 del propi titular de les dades.<\/p>\n\n\n\n<p>L&#8217;usuari t\u00e9 la possibilitat d&#8217;exercir els drets d&#8217;acc\u00e9s, rectificaci\u00f3,&nbsp;supressi\u00f3, oposici\u00f3,&nbsp;portabilitat i limitaci\u00f3 del tractament&nbsp;de la forma i abast previst legalment. Per exercir aquest dret es podr\u00e0 dirigir a \u00c0GORA, SA D&#8217;ASSESSORAMENT I SERVEIS mitjan\u00e7ant correu electr\u00f2nic, dirigit a&nbsp;<a href=\"mailto:agora@agora-sa.com\">agora@agora-sa.com<\/a>&nbsp;o mitjan\u00e7ant comunicaci\u00f3 escrita dirigida a \u00c0GORA, SA D&#8217;ASSESSORAMENT I SERVEIS, departament de Protecci\u00f3 de Dades, c\/ Josep Umbert, 129 08402&nbsp;Granollers (Barcelona).<\/p>\n\n\n\n<p>Per tal de millorar el servei i adequar-lo a les prefer\u00e8ncies de l&#8217;usuari, el lloc web d&#8217;\u00c0GORA, SA D&#8217;ASSESSORAMENT I SERVEIS utilitza cookies a la navegaci\u00f3 del seu ordinador. Les cookies s\u00f3n informaci\u00f3 sobre l&#8217;usuari que els servidors web instal\u00b7len en el disc dur de l&#8217;usuari per recordar-la posteriorment. De totes formes, aquestes cookies nom\u00e9s s&#8217;associen a un usuari an\u00f2nim i al seu ordinador, sense permetre la seva identificaci\u00f3 personal.<\/p>\n\n\n\n<p>AGORA, SA D&#8217;ASSESSORAMENT I SERVEIS disposa d&#8217;un DELEGAT DE PROTECCI\u00d3 DE DADES (DPO), al qual es pot dirigir enviant un correu electr\u00f2nic a:&nbsp;<a href=\"mailto:lopd@agora-sa.com\">lopd@agora-sa.com<\/a><\/p>\n\n\n\n<p>L&#8217;usuari pot configurar el seu navegador de manera que l&#8217;avisi de la recepci\u00f3 de les cookies i impedeixi que s&#8217;instal\u00b7lin al disc dur, si b\u00e9 aix\u00f2 pot comportar una disminuci\u00f3 de la qualitat del funcionament de les p\u00e0gines web.<\/p>","protected":false},"excerpt":{"rendered":"<p>Pol\u00edtica de confidencialitat i protecci\u00f3 de dades de car\u00e0cter personal facilitades pels usuaris a la Web d&#8217;\u00c0GORA, SA D&#8217;ASSESSORAMENT I SERVEIS: D&#8217;acord amb el Reglament Europeu de Protecci\u00f3 de Dades UE 2016\/679, del Parlament Europeu i del Consell, de 27 d\u2019abril de 2016, relatiu a la protecci\u00f3 de les persones f\u00edsiques pel que respecte al [&hellip;]<\/p>","protected":false},"author":1,"featured_media":0,"parent":0,"menu_order":0,"comment_status":"closed","ping_status":"closed","template":"","meta":{"inline_featured_image":false,"site-sidebar-layout":"default","site-content-layout":"plain-container","ast-site-content-layout":"","site-content-style":"default","site-sidebar-style":"default","ast-global-header-display":"","ast-banner-title-visibility":"","ast-main-header-display":"","ast-hfb-above-header-display":"","ast-hfb-below-header-display":"","ast-hfb-mobile-header-display":"","site-post-title":"","ast-breadcrumbs-content":"","ast-featured-img":"","footer-sml-layout":"","theme-transparent-header-meta":"default","adv-header-id-meta":"","stick-header-meta":"","header-above-stick-meta":"","header-main-stick-meta":"","header-below-stick-meta":"","astra-migrate-meta-layouts":"default","ast-page-background-enabled":"default","ast-page-background-meta":{"desktop":{"background-color":"var(--ast-global-color-4)","background-image":"","background-repeat":"repeat","background-position":"center center","background-size":"auto","background-attachment":"scroll","background-type":"","background-media":"","overlay-type":"","overlay-color":"","overlay-gradient":""},"tablet":{"background-color":"","background-image":"","background-repeat":"repeat","background-position":"center center","background-size":"auto","background-attachment":"scroll","background-type":"","background-media":"","overlay-type":"","overlay-color":"","overlay-gradient":""},"mobile":{"background-color":"","background-image":"","background-repeat":"repeat","background-position":"center center","background-size":"auto","background-attachment":"scroll","background-type":"","background-media":"","overlay-type":"","overlay-color":"","overlay-gradient":""}},"ast-content-background-meta":{"desktop":{"background-color":"var(--ast-global-color-5)","background-image":"","background-repeat":"repeat","background-position":"center center","background-size":"auto","background-attachment":"scroll","background-type":"","background-media":"","overlay-type":"","overlay-color":"","overlay-gradient":""},"tablet":{"background-color":"var(--ast-global-color-5)","background-image":"","background-repeat":"repeat","background-position":"center center","background-size":"auto","background-attachment":"scroll","background-type":"","background-media":"","overlay-type":"","overlay-color":"","overlay-gradient":""},"mobile":{"background-color":"var(--ast-global-color-5)","background-image":"","background-repeat":"repeat","background-position":"center center","background-size":"auto","background-attachment":"scroll","background-type":"","background-media":"","overlay-type":"","overlay-color":"","overlay-gradient":""}},"footnotes":""},"class_list":["post-194","page","type-page","status-publish","hentry"],"_links":{"self":[{"href":"https:\/\/www.fiscalcrypto.io\/es\/wp-json\/wp\/v2\/pages\/194","targetHints":{"allow":["GET"]}}],"collection":[{"href":"https:\/\/www.fiscalcrypto.io\/es\/wp-json\/wp\/v2\/pages"}],"about":[{"href":"https:\/\/www.fiscalcrypto.io\/es\/wp-json\/wp\/v2\/types\/page"}],"author":[{"embeddable":true,"href":"https:\/\/www.fiscalcrypto.io\/es\/wp-json\/wp\/v2\/users\/1"}],"replies":[{"embeddable":true,"href":"https:\/\/www.fiscalcrypto.io\/es\/wp-json\/wp\/v2\/comments?post=194"}],"version-history":[{"count":2,"href":"https:\/\/www.fiscalcrypto.io\/es\/wp-json\/wp\/v2\/pages\/194\/revisions"}],"predecessor-version":[{"id":217,"href":"https:\/\/www.fiscalcrypto.io\/es\/wp-json\/wp\/v2\/pages\/194\/revisions\/217"}],"wp:attachment":[{"href":"https:\/\/www.fiscalcrypto.io\/es\/wp-json\/wp\/v2\/media?parent=194"}],"curies":[{"name":"wp","href":"https:\/\/api.w.org\/{rel}","templated":true}]}}